{"id":5046,"date":"2020-08-19T14:13:18","date_gmt":"2020-08-19T19:13:18","guid":{"rendered":"https:\/\/www.freestatesocialwork.com\/?page_id=5046"},"modified":"2024-05-15T15:30:53","modified_gmt":"2024-05-15T20:30:53","slug":"suggestions-for-further-reading-working-with-lgbtq-families-in-foster-care-and-adoption","status":"publish","type":"page","link":"https:\/\/www.freestatesocialwork.com\/?page_id=5046","title":{"rendered":"References for Working with LGBTQ+ Families in Foster Care and Adoption"},"content":{"rendered":"<div class=\"csl-bib-body\">\n<div class=\"csl-entry\">\n<div class=\"csl-bib-body\">\n<div class=\"csl-entry\">\n<div class=\"csl-bib-body\">\n<div class=\"csl-entry\">Acosta, K. L. (2020). Religion in the Lives of LGBTQ-Parent Families. In A. E. Goldberg &#038; K. R. Allen (Eds.), <i>LGBTQ-Parent Families<\/i> (pp. 215\u2013227). Springer International Publishing.<\/div>\n<div class=\"csl-entry\">Brainer, A., Moore, M. R., &#038; Banerjee, P. (2020). Race and Ethnicity in the Lives of LGBTQ Parents and Their Children: Perspectives from and Beyond North America. In A. E. Goldberg &#038; K. R. Allen (Eds.), <i>LGBTQ-Parent Families<\/i>(pp. 85\u2013103). Springer International Publishing.<\/div>\n<div class=\"csl-entry\">Chbat, M., C\u00f4t\u00e9, I., Pag\u00e9, G., &#038; Blais, M. (2022). Intersectional Analysis of the Life Course of LGBTQ+ Parent Families in Qu\u00e9bec: Partial and Homonormative Inclusion. <i>Journal of Homosexuality<\/i>, 1\u201322.<\/div>\n<div class=\"csl-entry\">Farr, R. H., V\u00e1zquez, C. P., &#038; Patterson, C. J. (2020). LGBTQ Adoptive Parents and Their Children. In A. E. Goldberg &#038; K. R. Allen (Eds.), <i>LGBTQ-Parent Families<\/i> (pp. 45\u201364). Springer International Publishing.<\/div>\n<div class=\"csl-entry\">Gato, J., Fontaine, A. M., C\u00e9sar, F., Leal, D., Roskam, I., &#038; Mikolajczak, M. (2022). Parental Burnout and Its Antecedents among Same-Sex and Different-Sex Families. <i>International Journal of Environmental Research and Public Health<\/i>, <i>19<\/i>(13), 7601.<\/div>\n<div class=\"csl-entry\">Gato, J., Tasker, F., Shenkman, G., &#038; Leal, D. (2022). What Would It Be Like to Be a Parent? Exploring the Role of Sexual Orientation and Culture on Perceptions of Parenthood in the Future. <i>Sexuality Research and Social Policy<\/i>.<\/div>\n<div class=\"csl-entry\">Goldberg, A. E., Frost, R. L., Miranda, L., &#038; Kahn, E. (2019). LGBTQ individuals\u2019 experiences with delays and disruptions in the foster and adoption process. <i>Children and Youth Services Review<\/i>, <i>106<\/i>, 104466.<\/div>\n<div class=\"csl-entry\">Goldberg, A. E., Tornello, S., Farr, R., Smith, J. Z., &#038; Miranda, L. (2020). Barriers to adoption and foster care and openness to child characteristics among transgender adults. <i>Children and Youth Services Review<\/i>, <i>109<\/i>, 104699.<\/div>\n<div class=\"csl-entry\">Goldberg, N. G., Schneebaum, A., Durso, L. E., &#038; Badgett, M. V. L. (2020). LGBTQ-Parent Families in the United States and Economic Well-Being. In A. E. Goldberg &#038; K. R. Allen (Eds.), <i>LGBTQ-Parent Families: Innovations in Research and Implications for Practice<\/i> (pp. 105\u2013124). Springer International Publishing.<\/div>\n<div class=\"csl-entry\">Gorman, J. (2019). Expanding Third-Party Standing in Custody Actions: How the Opioid Crisis Has Impacted LGBTQ Parental Rights in Pennsylvania. <i>Dickinson Law Review<\/i>, <i>124<\/i>(1), 151.<\/div>\n<div class=\"csl-entry\">Levitt, H. M., Schuyler, S. W., Chickerella, R., Elber, A., White, L., Troeger, R. L., Karter, J. M., Preston, J. M., &#038; Collins, K. M. (2020). How discrimination in adoptive, foster, and medical systems harms LGBTQ+ families: Research on the experiences of prospective parents. <i>Journal of Gay &#038; Lesbian Social Services<\/i>, <i>32<\/i>(3), 261\u2013282.<\/div>\n<div class=\"csl-entry\">Luxion, K. (2020). LGBTQ Reproduction and Parenting. In N. A. Naples (Ed.), <i>Companion to Sexuality Studies<\/i> (1st ed., pp. 179\u2013202). Wiley.<\/div>\n<div class=\"csl-entry\">Mann, T., &#038; Jones, T. (2021). <i>Including LGBT Parented Families in Schools: Research to Inform Policy and Practice<\/i> (1st ed.). Routledge.<\/div>\n<div class=\"csl-entry\">Pfeffer, C. A., &#038; Jones, K. B. (2020). Transgender-Parent Families. In A. E. Goldberg &#038; K. R. Allen (Eds.), <i>LGBTQ-Parent Families: Innovations in Research and Implications for Practice<\/i> (pp. 199\u2013214). Springer International Publishing.<\/div>\n<div class=\"csl-entry\">Potter, E. C., &#038; Potter, D. J. (2020). Methods, Recruitment, and Sampling in Research with LGBTQ-Parent Families. In A. E. Goldberg &#038; K. R. Allen (Eds.), <i>LGBTQ-Parent Families<\/i> (pp. 507\u2013533). Springer International Publishing.<\/div>\n<div class=\"csl-entry\">Riggs, D. W. (2020). LGBTQ Foster Parents. In A. E. Goldberg &#038; K. R. Allen (Eds.), <i>LGBTQ-Parent Families: Innovations in Research and Implications for Practice<\/i> (pp. 161\u2013170). Springer International Publishing.<\/div>\n<div class=\"csl-entry\">Shapiro, J. (2020). The Law Governing LGBTQ-Parent Families in the United States. In A. E. Goldberg &#038; K. R. Allen (Eds.), <i>LGBTQ-Parent Families<\/i> (pp. 365\u2013382). Springer International Publishing.<\/div>\n<div class=\"csl-entry\">Siegel, M., Assenmacher, C., Meuwly, N., &#038; Zemp, M. (2021). The Legal Vulnerability Model for Same-Sex Parent Families: A Mixed Methods Systematic Review and Theoretical Integration. <i>Frontiers in Psychology<\/i>, <i>12<\/i>, 644258.<\/div>\n<div class=\"csl-entry\">Siegel, M., Legler, M., Neziraj, F., Goldberg, A. E., &#038; Zemp, M. (2022). Minority Stress and Positive Identity Aspects in Members of LGBTQ+ Parent Families: Literature Review and a Study Protocol for a Mixed-Methods Evidence Synthesis. <i>Children<\/i>, <i>9<\/i>(9), 1364.<\/div>\n<div class=\"csl-entry\">Siegel, M., Randall, A. K., Lannutti, P. J., Fischer, M. S., Gandhi, Y., Lukas, R., Meuwly, N., Filep, O., van Stein, K. R., Ditzen, B., Martos, T., Schneckenreiter, C., Totenhagen, C., &#038; Zemp, M. (2022). <i>Intimate Pride: A Tri-Nation Study on Associations between Positive Minority Identity Aspects and Relationship Quality in Sexual Minorities From German-Speaking Countries<\/i> [Preprint]. PsyArXiv.<\/div>\n<div class=\"csl-entry\">Wrobel, G. M., Helder, E., &#038; Marr, E. (Eds.). (2020). <i>The Routledge handbook of adoption<\/i>. Routledge.<\/div>\n<\/div>\n<\/div>\n<\/div>\n<\/div>\n<\/div>\n","protected":false},"excerpt":{"rendered":"<p>Acosta, K. L. (2020). Religion in the Lives of LGBTQ-Parent Families. In A. E. Goldberg &#038; K. R. Allen (Eds.), LGBTQ-Parent Families (pp. 215\u2013227). Springer International Publishing. Brainer, A., Moore, M. R., &#038; Banerjee, P. (2020). Race and Ethnicity in the Lives of LGBTQ Parents and Their Children: Perspectives from and Beyond North America. In [&hellip;]<\/p>\n","protected":false},"author":1,"featured_media":0,"parent":133,"menu_order":0,"comment_status":"closed","ping_status":"closed","template":"","meta":{"footnotes":""},"class_list":["post-5046","page","type-page","status-publish","hentry"],"_links":{"self":[{"href":"https:\/\/www.freestatesocialwork.com\/index.php?rest_route=\/wp\/v2\/pages\/5046","targetHints":{"allow":["GET"]}}],"collection":[{"href":"https:\/\/www.freestatesocialwork.com\/index.php?rest_route=\/wp\/v2\/pages"}],"about":[{"href":"https:\/\/www.freestatesocialwork.com\/index.php?rest_route=\/wp\/v2\/types\/page"}],"author":[{"embeddable":true,"href":"https:\/\/www.freestatesocialwork.com\/index.php?rest_route=\/wp\/v2\/users\/1"}],"replies":[{"embeddable":true,"href":"https:\/\/www.freestatesocialwork.com\/index.php?rest_route=%2Fwp%2Fv2%2Fcomments&post=5046"}],"version-history":[{"count":0,"href":"https:\/\/www.freestatesocialwork.com\/index.php?rest_route=\/wp\/v2\/pages\/5046\/revisions"}],"up":[{"embeddable":true,"href":"https:\/\/www.freestatesocialwork.com\/index.php?rest_route=\/wp\/v2\/pages\/133"}],"wp:attachment":[{"href":"https:\/\/www.freestatesocialwork.com\/index.php?rest_route=%2Fwp%2Fv2%2Fmedia&parent=5046"}],"curies":[{"name":"wp","href":"https:\/\/api.w.org\/{rel}","templated":true}]}}