{"id":5027,"date":"2020-08-19T11:25:49","date_gmt":"2020-08-19T16:25:49","guid":{"rendered":"https:\/\/www.freestatesocialwork.com\/?page_id=5027"},"modified":"2024-05-15T14:20:35","modified_gmt":"2024-05-15T19:20:35","slug":"suggestions-for-further-reading-research-report-series-marijuana","status":"publish","type":"page","link":"https:\/\/www.freestatesocialwork.com\/?page_id=5027","title":{"rendered":"References for Research Report Series: Marijuana"},"content":{"rendered":"<div class=\"csl-bib-body\">\n<div class=\"csl-entry\">\n<div class=\"csl-bib-body\">\n<div class=\"csl-entry\">Barker, Anna K., and Megan A. Moreno. \u201cEffects of Recreational Marijuana Legalization on College Students: A Longitudinal Study of Attitudes, Intentions, and Use Behaviors.\u201d <i>Journal of Adolescent Health<\/i> 68, no. 1 (2021): 110\u201315.<\/div>\n<div class=\"csl-entry\">Claudius, Ilene A., Ashlee Jontz, Michael Levine, Frank LoVecchio, Paul Dabrowski, and Rachael Kreisler. \u201cMarijuana Self-Report Compared with Testing in Trauma Patients before and after Legalization.\u201d <i>Clinical Toxicology<\/i> 58, no. 8 (August 2, 2020): 801\u20133.<\/div>\n<div class=\"csl-entry\">Fong, Kelly, Andy Hsueh, Kayla Kendric, Karissa Kunihira, Nadia Siddiqi, Tammy H. Phan, Ellen Reibling, and Brian J. Wolk. \u201cUnwitting Adult Marijuana Poisoning: A Case Series.\u201d <i>Clinical Toxicology<\/i> 59, no. 10 (October 3, 2021): 913\u201317.<\/div>\n<div class=\"csl-entry\">Merianos, Ashley L., Keith A. King, Rebecca A. Vidourek, Kelsi J. Becker, and R. Andrew Yockey. \u201cAuthoritative Parenting Behaviors and Marijuana Use Based on Age Among a National Sample of Hispanic Adolescents.\u201d <i>The Journal of Primary Prevention<\/i> 41, no. 1 (2020): 51\u201369.<\/div>\n<div class=\"csl-entry\">Pasha, Ahmed K., Charlene Y. Clements, Charity A. Reynolds, Maegan K. Lopez, Ciara A. Lugo, Yulisa Gonzalez, Farshad M. Shirazi, and Aiden Abidov. \u201cCardiovascular Effects of Medical Marijuana: A Systematic Review.\u201d <i>The American Journal of Medicine<\/i> 134, no. 2 (2021): 182\u201393.<\/div>\n<div class=\"csl-entry\">Purcell, John M., Tija M. Passley, and Joerg R. Leheste. \u201cThe Cannabidiol and Marijuana Research Expansion Act: Promotion of Scientific Knowledge to Prevent a National Health Crisis.\u201d <i>The Lancet Regional Health &#8211; Americas<\/i> 14 (2022): 100325.<\/div>\n<div class=\"csl-entry\">V\u00e1sconez-Gonz\u00e1lez, Jorge, Karen Delgado-Moreira, Bel\u00e9n L\u00f3pez-Molina, Juan S. Izquierdo-Condoy, Esteban G\u00e1mez-Rivera, and Esteban Ortiz-Prado. \u201cEffects of Smoking Marijuana on the Respiratory System: A Systematic Review.\u201d <i>Substance Abuse<\/i> 44, no. 3 (2023): 249\u201360.<\/div>\n<div class=\"csl-entry\">Wu, Guangzhen, and Roarke R. Cullenbine. \u201cRecreational Marijuana Legalization and Drug-Related Offenses in Washington State: An Interrupted Time Series Analysis with a Combination of Synthetic Controls.\u201d <i>Journal of Experimental Criminology<\/i>, November 4, 2022.<\/div>\n<\/div>\n<\/div>\n<\/div>\n","protected":false},"excerpt":{"rendered":"<p>Barker, Anna K., and Megan A. Moreno. \u201cEffects of Recreational Marijuana Legalization on College Students: A Longitudinal Study of Attitudes, Intentions, and Use Behaviors.\u201d Journal of Adolescent Health 68, no. 1 (2021): 110\u201315. Claudius, Ilene A., Ashlee Jontz, Michael Levine, Frank LoVecchio, Paul Dabrowski, and Rachael Kreisler. \u201cMarijuana Self-Report Compared with Testing in Trauma Patients [&hellip;]<\/p>\n","protected":false},"author":1,"featured_media":0,"parent":133,"menu_order":0,"comment_status":"closed","ping_status":"closed","template":"","meta":{"footnotes":""},"class_list":["post-5027","page","type-page","status-publish","hentry"],"_links":{"self":[{"href":"https:\/\/www.freestatesocialwork.com\/index.php?rest_route=\/wp\/v2\/pages\/5027","targetHints":{"allow":["GET"]}}],"collection":[{"href":"https:\/\/www.freestatesocialwork.com\/index.php?rest_route=\/wp\/v2\/pages"}],"about":[{"href":"https:\/\/www.freestatesocialwork.com\/index.php?rest_route=\/wp\/v2\/types\/page"}],"author":[{"embeddable":true,"href":"https:\/\/www.freestatesocialwork.com\/index.php?rest_route=\/wp\/v2\/users\/1"}],"replies":[{"embeddable":true,"href":"https:\/\/www.freestatesocialwork.com\/index.php?rest_route=%2Fwp%2Fv2%2Fcomments&post=5027"}],"version-history":[{"count":0,"href":"https:\/\/www.freestatesocialwork.com\/index.php?rest_route=\/wp\/v2\/pages\/5027\/revisions"}],"up":[{"embeddable":true,"href":"https:\/\/www.freestatesocialwork.com\/index.php?rest_route=\/wp\/v2\/pages\/133"}],"wp:attachment":[{"href":"https:\/\/www.freestatesocialwork.com\/index.php?rest_route=%2Fwp%2Fv2%2Fmedia&parent=5027"}],"curies":[{"name":"wp","href":"https:\/\/api.w.org\/{rel}","templated":true}]}}