{"id":48457,"date":"2024-05-27T17:19:11","date_gmt":"2024-05-27T22:19:11","guid":{"rendered":"https:\/\/www.freestatesocialwork.com\/?page_id=48457"},"modified":"2024-05-27T17:19:11","modified_gmt":"2024-05-27T22:19:11","slug":"references-for-the-importance-of-a-trauma-informed-child-welfare-system","status":"publish","type":"page","link":"https:\/\/www.freestatesocialwork.com\/?page_id=48457","title":{"rendered":"References for The Importance of a Trauma-Informed Child Welfare System"},"content":{"rendered":"<div class=\"csl-bib-body\">\n<div class=\"csl-entry\">Connell, Christian M., Ann Shun Swanson, Maegan Genovese, and Jason M. Lang. \u201cEffects of Child Trauma Screening on Trauma\u2010informed Multidisciplinary Evaluation and Service Planning in the Child Welfare System.\u201d <i>Journal of Traumatic Stress<\/i> 37, no. 2 (2024): 337\u201343.<\/div>\n<div class=\"csl-entry\">Fern\u00e1ndez, Virginia, Marta Gausereide-Corral, Carmen Valiente, and Iv\u00e1n S\u00e1nchez-Iglesias. \u201cEffectiveness of Trauma-Informed Care Interventions at the Organizational Level: A Systematic Review.\u201d <i>Psychological Services<\/i> 20, no. 4 (2023): 849\u201362.<\/div>\n<div class=\"csl-entry\">Flynn, Susan. \u201cChild Protection and Welfare During the COVID 19 Pandemic: Revisiting the Value of Resilience-Building, Systems Theory, Adverse Childhood Experiences and Trauma-Informed Approaches.\u201d <i>Child Care in Practice<\/i>29, no. 4 (October 2, 2023): 371\u201388.<\/div>\n<div class=\"csl-entry\">Hatzikiriakidis, Kostas, Amanda O\u2019Connor, Melissa Savaglio, Helen Skouteris, and Rachael Green. \u201cThe Interconnectedness of Disability and Trauma in Foster and Kinship Care: The Importance of Trauma-Informed Care.\u201d <i>International Journal of Disability, Development and Education<\/i> 70, no. 5 (July 29, 2023): 899\u2013910.<\/div>\n<div class=\"csl-entry\">Jackson, Robin D., Sesha Kethineni, and Ying Cao. \u201cHopes for Healing: An Exploratory Study of Trauma-Informed Care Training and the Juvenile Justice System.\u201d <i>Children and Youth Services Review<\/i> 148 (2023): 106877.<\/div>\n<div class=\"csl-entry\">McNeal-Trice, Kenya. \u201cTrauma-Informed Child Welfare in North Carolina: An Interview with Child and Family Services Senior Director Lisa Cauley.\u201d <i>North Carolina Medical Journal<\/i> 84, no. 5 (September 1, 2023).<\/div>\n<div class=\"csl-entry\">Roberts, Georgia, Samantha Halstead, Rebecca Pepper, and Lynn McDonnell. \u201cSocial Care Professionals\u2019 Perceived Barriers to Implementing Attachment and Trauma-Informed Care Training in Their Practice.\u201d <i>Developmental Child Welfare<\/i> 5, no. 1 (2023): 3\u201320.<\/div>\n<div class=\"csl-entry\">Vamvakos, Christopher, and Emily Berger. \u201cResidential Care Worker Perceptions on the Implementation of Trauma-Informed Practice.\u201d <i>Children and Youth Services Review<\/i> 159 (2024): 107513.<\/div>\n<\/div>\n","protected":false},"excerpt":{"rendered":"<p>Connell, Christian M., Ann Shun Swanson, Maegan Genovese, and Jason M. Lang. \u201cEffects of Child Trauma Screening on Trauma\u2010informed Multidisciplinary Evaluation and Service Planning in the Child Welfare System.\u201d Journal of Traumatic Stress 37, no. 2 (2024): 337\u201343. Fern\u00e1ndez, Virginia, Marta Gausereide-Corral, Carmen Valiente, and Iv\u00e1n S\u00e1nchez-Iglesias. \u201cEffectiveness of Trauma-Informed Care Interventions at the Organizational [&hellip;]<\/p>\n","protected":false},"author":1,"featured_media":0,"parent":133,"menu_order":0,"comment_status":"closed","ping_status":"closed","template":"","meta":{"footnotes":""},"class_list":["post-48457","page","type-page","status-publish","hentry"],"_links":{"self":[{"href":"https:\/\/www.freestatesocialwork.com\/index.php?rest_route=\/wp\/v2\/pages\/48457","targetHints":{"allow":["GET"]}}],"collection":[{"href":"https:\/\/www.freestatesocialwork.com\/index.php?rest_route=\/wp\/v2\/pages"}],"about":[{"href":"https:\/\/www.freestatesocialwork.com\/index.php?rest_route=\/wp\/v2\/types\/page"}],"author":[{"embeddable":true,"href":"https:\/\/www.freestatesocialwork.com\/index.php?rest_route=\/wp\/v2\/users\/1"}],"replies":[{"embeddable":true,"href":"https:\/\/www.freestatesocialwork.com\/index.php?rest_route=%2Fwp%2Fv2%2Fcomments&post=48457"}],"version-history":[{"count":0,"href":"https:\/\/www.freestatesocialwork.com\/index.php?rest_route=\/wp\/v2\/pages\/48457\/revisions"}],"up":[{"embeddable":true,"href":"https:\/\/www.freestatesocialwork.com\/index.php?rest_route=\/wp\/v2\/pages\/133"}],"wp:attachment":[{"href":"https:\/\/www.freestatesocialwork.com\/index.php?rest_route=%2Fwp%2Fv2%2Fmedia&parent=48457"}],"curies":[{"name":"wp","href":"https:\/\/api.w.org\/{rel}","templated":true}]}}