{"id":48417,"date":"2024-05-26T14:56:27","date_gmt":"2024-05-26T19:56:27","guid":{"rendered":"https:\/\/www.freestatesocialwork.com\/?page_id=48417"},"modified":"2024-05-26T14:56:27","modified_gmt":"2024-05-26T19:56:27","slug":"references-for-language-bias-in-child-welfare","status":"publish","type":"page","link":"https:\/\/www.freestatesocialwork.com\/?page_id=48417","title":{"rendered":"References for Language Bias in Child Welfare"},"content":{"rendered":"<div class=\"csl-bib-body\">\n<div class=\"csl-entry\">Ashford, Robert D., Austin M. Brown, Arielle Ashford, and Brenda Curtis. \u201cRecovery Dialects: A Pilot Study of Stigmatizing and Nonstigmatizing Label Use by Individuals in Recovery from Substance Use Disorders.\u201d <i>Experimental and Clinical Psychopharmacology<\/i> 27, no. 6 (2019): 530\u201335.<\/div>\n<div class=\"csl-entry\">Barcelona, Veronica, Danielle Scharp, Betina R. Idnay, Hans Moen, Dena Goffman, Kenrick Cato, and Maxim Topaz. \u201cA Qualitative Analysis of Stigmatizing Language in Birth Admission Clinical Notes.\u201d <i>Nursing Inquiry<\/i> 30, no. 3 (2023): e12557.<\/div>\n<div class=\"csl-entry\">Barcelona, Veronica, Danielle Scharp, Hans Moen, Anahita Davoudi, Betina R. Idnay, Kenrick Cato, and Maxim Topaz. \u201cUsing Natural Language Processing to Identify Stigmatizing Language in Labor and Birth Clinical Notes.\u201d <i>Maternal and Child Health Journal<\/i> 28, no. 3 (2024): 578\u201386.<\/div>\n<div class=\"csl-entry\">Beukeboom, Camiel J., and Christian Burgers. \u201cHow Stereotypes Are Shared Through Language: A Review and Introduction of the Social Categories and Stereotypes Communication (SCSC) Framework.\u201d <i>Review of Communication Research<\/i> 7 (2019): 1\u201337.<\/div>\n<div class=\"csl-entry\">Chambers, Jaclyn, and G. Allen Ratliff. \u201cStructural Competency in Child Welfare: Opportunities and Applications for Addressing Disparities and Stigma.\u201d <i>The Journal of Sociology &amp; Social Welfare<\/i> 46, no. 4 (January 1, 2019).<\/div>\n<div class=\"csl-entry\">Liu, William Ming, Rossina Zamora Liu, and Richard Quentin Shin. \u201cUnderstanding Systemic Racism: Anti-Blackness, White Supremacy, Racial Capitalism, and the Re\/Creation of White Space and Time.\u201d <i>Journal of Counseling Psychology<\/i> 70, no. 3 (2023): 244\u201357.<\/div>\n<div class=\"csl-entry\">MacKinnon, Kinnon R., Ariel Lefkowitz, Gianni R. Lorello, Brett Schrewe, Sophie Soklaridis, and Ayelet Kuper. \u201cRecognizing and Renaming in Obstetrics: How Do We Take Better Care with Language?\u201d <i>Obstetric Medicine<\/i> 14, no. 4 (2021): 201\u20133.<\/div>\n<div class=\"csl-entry\">Meadows, Angela, and Sigr\u00fan Dan\u00edelsd\u00f3ttir. \u201cWhat\u2019s in a Word? On Weight Stigma and Terminology.\u201d <i>Frontiers in Psychology<\/i> 7 (October 5, 2016).<\/div>\n<div class=\"csl-entry\">Russell, Jesse, and Alicia Summers. \u201cReflective Decision-Making and Foster Care Placements.\u201d <i>Psychology, Public Policy, and Law<\/i> 19, no. 2 (2013): 127\u201336.<\/div>\n<div class=\"csl-entry\">Weissman, Ruth S., Anne E. Becker, Cynthia M. Bulik, Guido K.W. Frank, Kelly L. Klump, Howard Steiger, Michael Strober, Jennifer Thomas, Glenn Waller, and B. Timothy Walsh. \u201cSpeaking of That: Terms to Avoid or Reconsider in the Eating Disorders Field.\u201d <i>International Journal of Eating Disorders<\/i> 49, no. 4 (2016): 349\u201353.<\/div>\n<\/div>\n","protected":false},"excerpt":{"rendered":"<p>Ashford, Robert D., Austin M. Brown, Arielle Ashford, and Brenda Curtis. \u201cRecovery Dialects: A Pilot Study of Stigmatizing and Nonstigmatizing Label Use by Individuals in Recovery from Substance Use Disorders.\u201d Experimental and Clinical Psychopharmacology 27, no. 6 (2019): 530\u201335. Barcelona, Veronica, Danielle Scharp, Betina R. Idnay, Hans Moen, Dena Goffman, Kenrick Cato, and Maxim Topaz. [&hellip;]<\/p>\n","protected":false},"author":1,"featured_media":0,"parent":133,"menu_order":0,"comment_status":"closed","ping_status":"closed","template":"","meta":{"footnotes":""},"class_list":["post-48417","page","type-page","status-publish","hentry"],"_links":{"self":[{"href":"https:\/\/www.freestatesocialwork.com\/index.php?rest_route=\/wp\/v2\/pages\/48417","targetHints":{"allow":["GET"]}}],"collection":[{"href":"https:\/\/www.freestatesocialwork.com\/index.php?rest_route=\/wp\/v2\/pages"}],"about":[{"href":"https:\/\/www.freestatesocialwork.com\/index.php?rest_route=\/wp\/v2\/types\/page"}],"author":[{"embeddable":true,"href":"https:\/\/www.freestatesocialwork.com\/index.php?rest_route=\/wp\/v2\/users\/1"}],"replies":[{"embeddable":true,"href":"https:\/\/www.freestatesocialwork.com\/index.php?rest_route=%2Fwp%2Fv2%2Fcomments&post=48417"}],"version-history":[{"count":0,"href":"https:\/\/www.freestatesocialwork.com\/index.php?rest_route=\/wp\/v2\/pages\/48417\/revisions"}],"up":[{"embeddable":true,"href":"https:\/\/www.freestatesocialwork.com\/index.php?rest_route=\/wp\/v2\/pages\/133"}],"wp:attachment":[{"href":"https:\/\/www.freestatesocialwork.com\/index.php?rest_route=%2Fwp%2Fv2%2Fmedia&parent=48417"}],"curies":[{"name":"wp","href":"https:\/\/api.w.org\/{rel}","templated":true}]}}