{"id":48400,"date":"2024-05-25T14:14:23","date_gmt":"2024-05-25T19:14:23","guid":{"rendered":"https:\/\/www.freestatesocialwork.com\/?page_id=48400"},"modified":"2024-05-25T14:14:23","modified_gmt":"2024-05-25T19:14:23","slug":"references-for-high-achieving-asian-american-adolescents-and-suicide-the-need-for-culturally-sensitive-suicide-intervention-approaches-in-schools","status":"publish","type":"page","link":"https:\/\/www.freestatesocialwork.com\/?page_id=48400","title":{"rendered":"References for High-Achieving Asian American Adolescents and Suicide:  The Need for Culturally Sensitive Suicide Intervention Approaches in Schools"},"content":{"rendered":"<div class=\"csl-bib-body\">\n<div class=\"csl-entry\">Aykutlu, Hasan Cem, Fatih Dereli, Bahad\u0131r Turan, Tu\u011fba T\u00fcrk Kurt\u00e7a, and Onur Burak Dursun. \u201cGifted Children and Psychiatric Disorders: Is the Risk Increased Compared With Their Peers?\u201d <i>Gifted Child Quarterly<\/i>, April 3, 2024, 00169862241239649.<\/div>\n<div class=\"csl-entry\">Chang, Tzu-Fen, and Kristy Y. Shih. \u201cAre Asian American Children and Youth High Achieving?: Unpacking Variations of Educational Achievement from an Integrative Ecological Perspective.\u201d <i>Asian American Journal of Psychology<\/i> 14, no. 1 (2023): 36\u201350.<\/div>\n<div class=\"csl-entry\">Huynh, James, Jessie Chien, Amy T. Nguyen, Delanie Honda, Emily EunYoung Cho, Maliya Xiong, Tran T. Doan, and Thoai D. Ngo. \u201cThe Mental Health of Asian American Adolescents and Young Adults amid the Rise of Anti-Asian Racism.\u201d <i>Frontiers in Public Health<\/i> 10 (January 13, 2023): 958517.<\/div>\n<div class=\"csl-entry\">Hwang, A. \u201cMapping Asian American Minority Stress Research: A Bibliometric Study.\u201d <i>Ethics, Medicine and Public Health<\/i> 27 (2023): 100878.<\/div>\n<div class=\"csl-entry\">Kara, Erg\u00fcn, Elif \u00c7im\u015fir, and Abdulmuttalip Al\u00e7ay. \u201cThe Roles of Inferiority Feelings, Self-Coldness, and Self-Compassion in the Stress and Anxiety Experiences of Gifted Adolescents,\u201d March 30, 2023.<\/div>\n<div class=\"csl-entry\">Park, Hye\u2010Jin, Tzu\u2010Fen Chang, and Desiree Baolian Qin. \u201cAdjustment and Family Dynamics among Academically Gifted Chinese and European American Adolescents.\u201d <i>Family Relations<\/i>, January 24, 2024, fare.12993.<\/div>\n<div class=\"csl-entry\">Reyes, Miles P., Ivy Song, and Apurva Bhatt. \u201cBreaking the Silence: An Epidemiological Report on Asian American and Pacific Islander Youth Mental Health and Suicide (1999\u20132021).\u201d <i>Child and Adolescent Mental Health<\/i> 29, no. 2 (2024): 136\u201344.<\/div>\n<div class=\"csl-entry\">Vaivre-Douret, Laurence, and Soukaina Hamdioui. \u201cDevelopmental Trajectory of Depressive Symptoms from Early Childhood through High School in Children and Adolescents with a High Intellectual Potential.\u201d <i>Children<\/i> 10, no. 11 (October 26, 2023): 1738.<\/div>\n<div class=\"csl-entry\">Yan, Yueqi, Frederick Leong, Anna Song, and Sidra Goldman-Mellor. \u201cIncidence and Correlates of Emergency Department Visits for Deliberate Self-Harm Among Asian American Youth.\u201d <i>Journal of Adolescent Health<\/i> 72, no. 4 (2023): 510\u201318.<\/div>\n<\/div>\n","protected":false},"excerpt":{"rendered":"<p>Aykutlu, Hasan Cem, Fatih Dereli, Bahad\u0131r Turan, Tu\u011fba T\u00fcrk Kurt\u00e7a, and Onur Burak Dursun. \u201cGifted Children and Psychiatric Disorders: Is the Risk Increased Compared With Their Peers?\u201d Gifted Child Quarterly, April 3, 2024, 00169862241239649. Chang, Tzu-Fen, and Kristy Y. Shih. \u201cAre Asian American Children and Youth High Achieving?: Unpacking Variations of Educational Achievement from an [&hellip;]<\/p>\n","protected":false},"author":1,"featured_media":0,"parent":133,"menu_order":0,"comment_status":"closed","ping_status":"closed","template":"","meta":{"footnotes":""},"class_list":["post-48400","page","type-page","status-publish","hentry"],"_links":{"self":[{"href":"https:\/\/www.freestatesocialwork.com\/index.php?rest_route=\/wp\/v2\/pages\/48400","targetHints":{"allow":["GET"]}}],"collection":[{"href":"https:\/\/www.freestatesocialwork.com\/index.php?rest_route=\/wp\/v2\/pages"}],"about":[{"href":"https:\/\/www.freestatesocialwork.com\/index.php?rest_route=\/wp\/v2\/types\/page"}],"author":[{"embeddable":true,"href":"https:\/\/www.freestatesocialwork.com\/index.php?rest_route=\/wp\/v2\/users\/1"}],"replies":[{"embeddable":true,"href":"https:\/\/www.freestatesocialwork.com\/index.php?rest_route=%2Fwp%2Fv2%2Fcomments&post=48400"}],"version-history":[{"count":0,"href":"https:\/\/www.freestatesocialwork.com\/index.php?rest_route=\/wp\/v2\/pages\/48400\/revisions"}],"up":[{"embeddable":true,"href":"https:\/\/www.freestatesocialwork.com\/index.php?rest_route=\/wp\/v2\/pages\/133"}],"wp:attachment":[{"href":"https:\/\/www.freestatesocialwork.com\/index.php?rest_route=%2Fwp%2Fv2%2Fmedia&parent=48400"}],"curies":[{"name":"wp","href":"https:\/\/api.w.org\/{rel}","templated":true}]}}