{"id":48394,"date":"2024-05-25T13:12:51","date_gmt":"2024-05-25T18:12:51","guid":{"rendered":"https:\/\/www.freestatesocialwork.com\/?page_id=48394"},"modified":"2024-05-25T13:12:51","modified_gmt":"2024-05-25T18:12:51","slug":"references-for-expanding-access-to-and-use-of-behavioral-health-services-for-people-experiencing-homelessness-2","status":"publish","type":"page","link":"https:\/\/www.freestatesocialwork.com\/?page_id=48394","title":{"rendered":"References for Expanding Access to and Use of Behavioral Health Services for People Experiencing Homelessness"},"content":{"rendered":"<div class=\"csl-bib-body\">\n<div class=\"csl-entry\">Choudhury, Sumaita, Sharon Lee Choi, Yehyang Lee, and Stacey Stevens Manser. \u201cExamining the Role of Self-Harm in the Relationship between Emergency Department Service Utilization and Trauma-Induced Homelessness among Homeless Individuals in Texas.\u201d <i>Health &amp; Social Work<\/i> 49, no. 2 (April 29, 2024): 87\u201394.<\/div>\n<div class=\"csl-entry\">DeLaCruz-Jiron, Evelyn J., Lauren M. Hahn, Amy L. Donahue, and Jay H. Shore. \u201cTelemental Health for the Homeless Population: Lessons Learned When Leveraging Care.\u201d <i>Current Psychiatry Reports<\/i> 25, no. 1 (January 1, 2023): 1\u20136.<\/div>\n<div class=\"csl-entry\">Koh, Katherine A., and Benjamin Land Gorman. \u201cReimagining Institutionalization and a Continuum of Care for People Experiencing Homelessness and Mental Illness.\u201d <i>JAMA<\/i> 329, no. 17 (May 2, 2023): 1449.<\/div>\n<div class=\"csl-entry\">Lal, Shalini, Sarah Elias, Vida Sieu, and Rossana Peredo. \u201cThe Use of Technology to Provide Mental Health Services to Youth Experiencing Homelessness: Scoping Review.\u201d <i>Journal of Medical Internet Research<\/i> 25 (January 16, 2023): e41939.<\/div>\n<div class=\"csl-entry\">Maxwell, December, Johanna Thomas, and Mark Plassmeyer. \u201cThe Dynamics of Providing Street Medicine to a Geographically Diverse Homeless Population in Hawaii.\u201d <i>Journal of Evidence-Based Social Work<\/i> 20, no. 5 (September 3, 2023): 743\u201364.<\/div>\n<div class=\"csl-entry\">McDonald, Keisha, Alina I. Palimaru, Rick Garvey, Elizabeth J. D\u2019Amico, and Joan S. Tucker. \u201cPerceptions from Emerging Adults with a History of Homelessness on Their Experiences with Housing, Health and Other Support Services.\u201d <i>Children and Youth Services Review<\/i> 160 (2024): 107555.<\/div>\n<div class=\"csl-entry\">Morisseau-Guillot, Rapha\u00ebl, Diane Aubin, Julie-Marguerite Desch\u00eanes, Milena Gioia, Ashok Malla, Pasquale Bauco, Marie-\u00c8ve Dupont, and Amal Abdel-Baki. \u201cA Promising Route Towards Improvement of Homeless Young People\u2019s Access to Mental Health Services: The Creation and Evolution of an Outreach Service Network in Montr\u00e9al.\u201d <i>Community Mental Health Journal<\/i> 56, no. 2 (2020): 258\u201370.<\/div>\n<div class=\"csl-entry\">Narendorf, Sarah C., Anil Arora, Diane Santa Maria, Kimberly Bender, Jama Shelton, Hsun-Ta Hsu, Kristin Ferguson, and Anamika Barman-Adhikari. \u201cSelf-Identification of Mental Health Problems Among Young Adults Experiencing Homelessness.\u201d <i>Community Mental Health Journal<\/i> 59, no. 5 (2023): 844\u201354.<\/div>\n<div class=\"csl-entry\">Serchen, Josh, David R. Hilden, Micah W. Beachy, and Health and Public Policy Committee of the American College of Physicians. \u201cMeeting the Health and Social Needs of America\u2019s Unhoused and Housing-Unstable Populations: A Position Paper From the American College of Physicians.\u201d <i>Annals of Internal Medicine<\/i> 177, no. 4 (2024): 514\u201317.<\/div>\n<div class=\"csl-entry\">Subica, Andrew M., Daryl S. Sampaga, Jana Ortiz-Misiaszek, Tammy K. K. Martin, and Scott K. Okamoto. \u201cThe Mental Health, Substance Use, Physical Health, and Mental Health Treatment Need of Community Individuals Experiencing Homelessness in Hawai\u2018i.\u201d <i>Community Mental Health Journal<\/i> 59, no. 5 (2023): 1021\u201326.<\/div>\n<div class=\"csl-entry\">Taylor, Shantiera Nicole, and David Munson. \u201cHealth Care of People Experiencing Homelessness: Part I.\u201d Edited by C. Corey Hardin. <i>NEJM Evidence<\/i> 2, no. 8 (July 25, 2023).<\/div>\n<\/div>\n","protected":false},"excerpt":{"rendered":"<p>Choudhury, Sumaita, Sharon Lee Choi, Yehyang Lee, and Stacey Stevens Manser. \u201cExamining the Role of Self-Harm in the Relationship between Emergency Department Service Utilization and Trauma-Induced Homelessness among Homeless Individuals in Texas.\u201d Health &amp; Social Work 49, no. 2 (April 29, 2024): 87\u201394. DeLaCruz-Jiron, Evelyn J., Lauren M. Hahn, Amy L. Donahue, and Jay H. [&hellip;]<\/p>\n","protected":false},"author":1,"featured_media":0,"parent":133,"menu_order":0,"comment_status":"closed","ping_status":"closed","template":"","meta":{"footnotes":""},"class_list":["post-48394","page","type-page","status-publish","hentry"],"_links":{"self":[{"href":"https:\/\/www.freestatesocialwork.com\/index.php?rest_route=\/wp\/v2\/pages\/48394","targetHints":{"allow":["GET"]}}],"collection":[{"href":"https:\/\/www.freestatesocialwork.com\/index.php?rest_route=\/wp\/v2\/pages"}],"about":[{"href":"https:\/\/www.freestatesocialwork.com\/index.php?rest_route=\/wp\/v2\/types\/page"}],"author":[{"embeddable":true,"href":"https:\/\/www.freestatesocialwork.com\/index.php?rest_route=\/wp\/v2\/users\/1"}],"replies":[{"embeddable":true,"href":"https:\/\/www.freestatesocialwork.com\/index.php?rest_route=%2Fwp%2Fv2%2Fcomments&post=48394"}],"version-history":[{"count":0,"href":"https:\/\/www.freestatesocialwork.com\/index.php?rest_route=\/wp\/v2\/pages\/48394\/revisions"}],"up":[{"embeddable":true,"href":"https:\/\/www.freestatesocialwork.com\/index.php?rest_route=\/wp\/v2\/pages\/133"}],"wp:attachment":[{"href":"https:\/\/www.freestatesocialwork.com\/index.php?rest_route=%2Fwp%2Fv2%2Fmedia&parent=48394"}],"curies":[{"name":"wp","href":"https:\/\/api.w.org\/{rel}","templated":true}]}}